{"id":54,"date":"2015-02-14T18:04:13","date_gmt":"2015-02-14T17:04:13","guid":{"rendered":"http:\/\/www.jinecacek.cz\/?page_id=54"},"modified":"2025-09-22T13:38:09","modified_gmt":"2025-09-22T11:38:09","slug":"vstupne","status":"publish","type":"page","link":"https:\/\/www.jinecacek.cz\/?page_id=54","title":{"rendered":"Vstupn\u00e9"},"content":{"rendered":"<h3>Zaplacen\u00edm vstupn\u00e9ho p\u0159isp\u00edv\u00e1te na chod a \u010dinnosti Jine\u010d\u00e1\u010dku.<\/h3>\n<h3>Vstupn\u00e9 vyb\u00edr\u00e1 slu\u017eba. Plat\u00ed pouze dosp\u011bl\u00fd doprovod d\u011bt\u00ed.<\/h3>\n<ul>\n<li>\n<h3>jednor\u00e1zov\u00fd vstup &#8211; 20,- K\u010d pro \u010dleny spolku<\/h3>\n<\/li>\n<li>\n<h3>&nbsp;ostatn\u00ed 30,- K\u010d<\/h3>\n<\/li>\n<\/ul>\n\n\n<p><\/p>\n","protected":false},"excerpt":{"rendered":"<p>Zaplacen\u00edm vstupn\u00e9ho p\u0159isp\u00edv\u00e1te na chod a \u010dinnosti Jine\u010d\u00e1\u010dku. Vstupn\u00e9 vyb\u00edr\u00e1 slu\u017eba. Plat\u00ed pouze dosp\u011bl\u00fd doprovod d\u011bt\u00ed. jednor\u00e1zov\u00fd vstup &#8211; 20,- K\u010d pro \u010dleny spolku &nbsp;ostatn\u00ed 30,- K\u010d<\/p>\n","protected":false},"author":1,"featured_media":0,"parent":0,"menu_order":0,"comment_status":"closed","ping_status":"open","template":"","meta":{"ngg_post_thumbnail":0,"footnotes":""},"class_list":["post-54","page","type-page","status-publish","hentry"],"_links":{"self":[{"href":"https:\/\/www.jinecacek.cz\/index.php?rest_route=\/wp\/v2\/pages\/54","targetHints":{"allow":["GET"]}}],"collection":[{"href":"https:\/\/www.jinecacek.cz\/index.php?rest_route=\/wp\/v2\/pages"}],"about":[{"href":"https:\/\/www.jinecacek.cz\/index.php?rest_route=\/wp\/v2\/types\/page"}],"author":[{"embeddable":true,"href":"https:\/\/www.jinecacek.cz\/index.php?rest_route=\/wp\/v2\/users\/1"}],"replies":[{"embeddable":true,"href":"https:\/\/www.jinecacek.cz\/index.php?rest_route=%2Fwp%2Fv2%2Fcomments&post=54"}],"version-history":[{"count":3,"href":"https:\/\/www.jinecacek.cz\/index.php?rest_route=\/wp\/v2\/pages\/54\/revisions"}],"predecessor-version":[{"id":433,"href":"https:\/\/www.jinecacek.cz\/index.php?rest_route=\/wp\/v2\/pages\/54\/revisions\/433"}],"wp:attachment":[{"href":"https:\/\/www.jinecacek.cz\/index.php?rest_route=%2Fwp%2Fv2%2Fmedia&parent=54"}],"curies":[{"name":"wp","href":"https:\/\/api.w.org\/{rel}","templated":true}]}}