{"id":39,"date":"2015-02-14T17:38:10","date_gmt":"2015-02-14T16:38:10","guid":{"rendered":"http:\/\/www.jinecacek.cz\/?page_id=39"},"modified":"2025-10-09T13:38:11","modified_gmt":"2025-10-09T11:38:11","slug":"navstevni-rad","status":"publish","type":"page","link":"https:\/\/www.jinecacek.cz\/?page_id=39","title":{"rendered":"N\u00e1v\u0161t\u011bvn\u00ed \u0159\u00e1d"},"content":{"rendered":"<ul>\n<li>\n<h3>Herna Jine\u010d\u00e1\u010dku je otev\u0159ena celoro\u010dn\u011b v\u0161em n\u00e1v\u0161t\u011bvn\u00edk\u016fm z Jinec i bl\u00edzk\u00e9ho okol\u00ed (rodi\u010de s d\u011btmi, prarodi\u010de, p\u0159\u00edbuzn\u00ed, ve\u0159ejnost).<\/h3>\n<\/li>\n<li>\n<h3>Jine\u010d\u00e1\u010dek se nach\u00e1z\u00ed ve p\u0159\u00edzemn\u00edm pat\u0159e Spole\u010densk\u00e9ho centra J. Slav\u00edka, v Havl\u00ed\u010dkov\u011b ulici \u010d. p. 19 v Jinc\u00edch.<\/h3>\n<\/li>\n<li>\n<h3>Ko\u010d\u00e1rky, kola, odr\u00e1\u017eedla a jin\u00e1 p\u0159ibli\u017eovadla je mo\u017en\u00e9 parkovat u vstupu do herni\u010dky.<\/h3>\n<\/li>\n<li>\n<h3>D\u011bti i doprovod se v\u017edy p\u0159ezouvaj\u00ed. Obuv si odkl\u00e1daj\u00ed v chodb\u011b p\u0159ed vstupem do herny, svr\u0161ky v \u0161atn\u011b v prostor\u00e1ch herny. P\u0159ez\u016fvky pro dosp\u011bl\u00e9 jsou k dispozici p\u0159ed vstupem do herny.<\/h3>\n<\/li>\n<li>\n<h3>N\u00e1v\u0161t\u011bvn\u00edk je povinen uhradit p\u0159\u00edsp\u011bvek (vstupn\u00e9) dle platn\u00e9ho cen\u00edku, kter\u00fd vyb\u00edr\u00e1 slu\u017eba. Plat\u00ed pouze dosp\u011bl\u00fd doprovod d\u011bt\u00ed.<\/h3>\n<\/li>\n<li>\n<h3>Za d\u00edt\u011b v\u017edy odpov\u00edd\u00e1 ve v\u0161ech prostor\u00e1ch budovy Spole\u010densk\u00e9ho v\u010detn\u011b herny jeho dosp\u011bl\u00fd doprovod. Pokud d\u00edt\u011b pou\u017eije no\u010dn\u00edk, je jeho doprovod povinen no\u010dn\u00edk vypr\u00e1zdnit a d\u016fkladn\u011b um\u00fdt.<\/h3>\n<\/li>\n<li>\n<h3>Doprovod dohl\u00ed\u017e\u00ed, aby d\u011bti neni\u010dily hra\u010dky a ostatn\u00ed vybaven\u00ed prostor. P\u0159ed odchodem z&nbsp;Jine\u010d\u00e1\u010dku uklid\u00ed doprovod hra\u010dky po sv\u00fdch d\u011btech.<\/h3>\n<\/li>\n<li>\n<h3>Nen\u00ed dovoleno nosit j\u00eddlo nebo pit\u00ed do prostoru s&nbsp;hrac\u00edm kobercem. Na j\u00eddlo jsou vyhrazeny pro d\u011bti stoly a \u017eidle. M\u00edsto, kde d\u00edt\u011b jedlo, je povinen uklidit jeho doprovod.<\/h3>\n<\/li>\n<li>\n<h3>Vstup dosp\u011bl\u00fdm i&nbsp;d\u011btem, kter\u00e9 jsou nemocn\u00e9 nebo maj\u00ed podez\u0159en\u00ed na nemoc, nen\u00ed s&nbsp;ohledem na ostatn\u00ed n\u00e1v\u0161t\u011bvn\u00edky povolen.<\/h3>\n<\/li>\n<li>\n<h3>Ve v\u0161ech prostor\u00e1ch budovy Spole\u010densk\u00e9ho centra J. Slav\u00edka plat\u00ed p\u0159\u00edsn\u00fd z\u00e1kaz kou\u0159en\u00ed a&nbsp;manipulace s&nbsp;otev\u0159en\u00fdm ohn\u011bm.<\/h3>\n<\/li>\n<li>\n<h3>Jak\u00e9koli zran\u011bn\u00ed nebo \u00faraz je t\u0159eba nahl\u00e1sit slu\u017eb\u011b ihned, na pozd\u011bj\u0161\u00ed hl\u00e1\u0161en\u00ed nem\u016f\u017eeme b\u00fdt br\u00e1n z\u0159etel.<\/h3>\n<\/li>\n<li>\n<h3>Je zak\u00e1z\u00e1n vstup osob\u00e1m pod vlivem alkoholu \u010di omamn\u00fdch l\u00e1tek.<\/h3>\n<\/li>\n<li>\n<h3>Za sv\u00e9 osobn\u00ed v\u011bci je zodpov\u011bdn\u00fd ka\u017ed\u00fd n\u00e1v\u0161t\u011bvn\u00edk.<\/h3>\n<\/li>\n<li>\n<h3>Pokud nen\u00ed uvedeno jinak, doprovod souhlas\u00ed s&nbsp;t\u00edm, \u017ee fotografie \u010di videoz\u00e1znamy po\u0159\u00edzen\u00e9 v&nbsp;hern\u011b Jine\u010d\u00e1\u010dku a na akc\u00edch organizovan\u00fdch Jine\u010d\u00e1\u010dkem sm\u011bj\u00ed b\u00fdt pou\u017eity k&nbsp;prezentaci a propagaci Jine\u010d\u00e1\u010dku.<\/h3>\n<\/li>\n<li>\n<h3>V&nbsp;Jine\u010d\u00e1\u010dku t\u0159\u00edd\u00edme odpad (sklo, pap\u00edr, plasty, baterie a sm\u011bsn\u00fd odpad).<\/h3>\n<\/li>\n<\/ul>\n<h3><em>Doprovod d\u011bt\u00ed se vstupem do Jine\u010d\u00e1\u010dku a \u00fahradou p\u0159\u00edsp\u011bvku za n\u00e1v\u0161t\u011bvu Jine\u010d\u00e1\u010dku zavazuje dodr\u017eovat v\u00fd\u0161e uveden\u00fd n\u00e1v\u0161t\u011bvn\u00ed \u0159\u00e1d. Nedodr\u017een\u00ed jak\u00e9koliv \u010d\u00e1sti n\u00e1v\u0161t\u011bvn\u00edho \u0159\u00e1du je jeho hrub\u00fdm poru\u0161en\u00edm a proviniv\u0161\u00ed m\u016f\u017ee b\u00fdt slu\u017ebou z herny vyk\u00e1z\u00e1n, a to bez n\u00e1hrady p\u0159\u00edsp\u011bvku za n\u00e1v\u0161t\u011bvu. Doprovod se t\u00edmto tak\u00e9 zavazuje nahradit v&nbsp;pln\u00e9 v\u00fd\u0161i p\u0159\u00edpadnou \u0161kodu na hra\u010dk\u00e1ch nebo jinou \u0161kodu na hmotn\u00e9m majetku&nbsp; Jine\u010d\u00e1\u010dku nebo Spole\u010densk\u00e9ho centra.<\/em><\/h3>\n<h3><strong>N\u00e1v\u0161t\u011bvn\u00ed \u0159\u00e1d byl schv\u00e1len v\u00fdkonn\u00fdm org\u00e1nem Jine\u010d\u00e1\u010dkum z. s. dne 22. dubna 2016.<\/strong><\/h3>\n","protected":false},"excerpt":{"rendered":"<p>Herna Jine\u010d\u00e1\u010dku je otev\u0159ena celoro\u010dn\u011b v\u0161em n\u00e1v\u0161t\u011bvn\u00edk\u016fm z Jinec i bl\u00edzk\u00e9ho okol\u00ed (rodi\u010de s d\u011btmi, prarodi\u010de, p\u0159\u00edbuzn\u00ed, ve\u0159ejnost). Jine\u010d\u00e1\u010dek se nach\u00e1z\u00ed ve p\u0159\u00edzemn\u00edm pat\u0159e Spole\u010densk\u00e9ho centra J. Slav\u00edka, v Havl\u00ed\u010dkov\u011b ulici \u010d. p. 19 v Jinc\u00edch. Ko\u010d\u00e1rky, kola, odr\u00e1\u017eedla a jin\u00e1 p\u0159ibli\u017eovadla je mo\u017en\u00e9 parkovat u vstupu do herni\u010dky. D\u011bti i doprovod se v\u017edy p\u0159ezouvaj\u00ed. &hellip; <\/p>\n<p class=\"link-more\"><a href=\"https:\/\/www.jinecacek.cz\/?page_id=39\" class=\"more-link\">Pokra\u010dovat ve \u010dten\u00ed<span class=\"screen-reader-text\"> &#8222;N\u00e1v\u0161t\u011bvn\u00ed \u0159\u00e1d&#8220;<\/span><\/a><\/p>\n","protected":false},"author":1,"featured_media":0,"parent":0,"menu_order":0,"comment_status":"closed","ping_status":"open","template":"","meta":{"ngg_post_thumbnail":0,"footnotes":""},"class_list":["post-39","page","type-page","status-publish","hentry"],"_links":{"self":[{"href":"https:\/\/www.jinecacek.cz\/index.php?rest_route=\/wp\/v2\/pages\/39","targetHints":{"allow":["GET"]}}],"collection":[{"href":"https:\/\/www.jinecacek.cz\/index.php?rest_route=\/wp\/v2\/pages"}],"about":[{"href":"https:\/\/www.jinecacek.cz\/index.php?rest_route=\/wp\/v2\/types\/page"}],"author":[{"embeddable":true,"href":"https:\/\/www.jinecacek.cz\/index.php?rest_route=\/wp\/v2\/users\/1"}],"replies":[{"embeddable":true,"href":"https:\/\/www.jinecacek.cz\/index.php?rest_route=%2Fwp%2Fv2%2Fcomments&post=39"}],"version-history":[{"count":9,"href":"https:\/\/www.jinecacek.cz\/index.php?rest_route=\/wp\/v2\/pages\/39\/revisions"}],"predecessor-version":[{"id":439,"href":"https:\/\/www.jinecacek.cz\/index.php?rest_route=\/wp\/v2\/pages\/39\/revisions\/439"}],"wp:attachment":[{"href":"https:\/\/www.jinecacek.cz\/index.php?rest_route=%2Fwp%2Fv2%2Fmedia&parent=39"}],"curies":[{"name":"wp","href":"https:\/\/api.w.org\/{rel}","templated":true}]}}