{"id":35,"date":"2015-02-14T17:19:27","date_gmt":"2015-02-14T16:19:27","guid":{"rendered":"http:\/\/www.jinecacek.cz\/?page_id=35"},"modified":"2025-09-22T13:26:02","modified_gmt":"2025-09-22T11:26:02","slug":"clenove-sdruzeni","status":"publish","type":"page","link":"https:\/\/www.jinecacek.cz\/?page_id=35","title":{"rendered":"\u010clenov\u00e9"},"content":{"rendered":"<h3><strong>\u010clenov\u00e9 v\u00fdboru spolku:<\/strong><\/h3>\n<h3>Kate\u0159ina \u010c\u00ed\u017ekov\u00e1 (p\u0159edseda spolku)<br \/>\nKate\u0159ina Hanzl\u00edkov\u00e1 (m\u00edstop\u0159edseda spolku)<br \/>\nMark\u00e9ta Fraitov\u00e1 (\u00fa\u010detn\u00ed)<\/h3>\n<p>&nbsp;<\/p>\n<div data-block=\"true\" data-editor=\"7n3fi\" data-offset-key=\"f9gja-0-0\">\n<div class=\"_1mf _1mj\" data-offset-key=\"f9gja-0-0\">&nbsp;<\/div>\n<\/div>\n<p>&nbsp; &nbsp;<\/p>\n<p>&nbsp;<\/p>\n","protected":false},"excerpt":{"rendered":"<p>\u010clenov\u00e9 v\u00fdboru spolku: Kate\u0159ina \u010c\u00ed\u017ekov\u00e1 (p\u0159edseda spolku) Kate\u0159ina Hanzl\u00edkov\u00e1 (m\u00edstop\u0159edseda spolku) Mark\u00e9ta Fraitov\u00e1 (\u00fa\u010detn\u00ed) &nbsp; &nbsp; &nbsp; &nbsp; &nbsp;<\/p>\n","protected":false},"author":1,"featured_media":0,"parent":0,"menu_order":0,"comment_status":"closed","ping_status":"open","template":"","meta":{"ngg_post_thumbnail":0,"footnotes":""},"class_list":["post-35","page","type-page","status-publish","hentry"],"_links":{"self":[{"href":"https:\/\/www.jinecacek.cz\/index.php?rest_route=\/wp\/v2\/pages\/35","targetHints":{"allow":["GET"]}}],"collection":[{"href":"https:\/\/www.jinecacek.cz\/index.php?rest_route=\/wp\/v2\/pages"}],"about":[{"href":"https:\/\/www.jinecacek.cz\/index.php?rest_route=\/wp\/v2\/types\/page"}],"author":[{"embeddable":true,"href":"https:\/\/www.jinecacek.cz\/index.php?rest_route=\/wp\/v2\/users\/1"}],"replies":[{"embeddable":true,"href":"https:\/\/www.jinecacek.cz\/index.php?rest_route=%2Fwp%2Fv2%2Fcomments&post=35"}],"version-history":[{"count":13,"href":"https:\/\/www.jinecacek.cz\/index.php?rest_route=\/wp\/v2\/pages\/35\/revisions"}],"predecessor-version":[{"id":425,"href":"https:\/\/www.jinecacek.cz\/index.php?rest_route=\/wp\/v2\/pages\/35\/revisions\/425"}],"wp:attachment":[{"href":"https:\/\/www.jinecacek.cz\/index.php?rest_route=%2Fwp%2Fv2%2Fmedia&parent=35"}],"curies":[{"name":"wp","href":"https:\/\/api.w.org\/{rel}","templated":true}]}}