{"id":14,"date":"2015-01-21T00:08:53","date_gmt":"2015-01-20T23:08:53","guid":{"rendered":"http:\/\/www.jinecacek.cz\/?page_id=14"},"modified":"2025-09-22T13:23:20","modified_gmt":"2025-09-22T11:23:20","slug":"o-centru","status":"publish","type":"page","link":"https:\/\/www.jinecacek.cz\/?page_id=14","title":{"rendered":"O Jine\u010d\u00e1\u010dku"},"content":{"rendered":"<h1 data-start=\"109\" data-end=\"125\"><strong data-start=\"109\" data-end=\"123\">Co d\u011bl\u00e1me?<\/strong><\/h1>\n<ul data-start=\"126\" data-end=\"532\">\n<li data-start=\"126\" data-end=\"165\">\n<h3 data-start=\"128\" data-end=\"165\">provozujeme d\u011btskou hernu Jine\u010d\u00e1\u010dku<\/h3>\n<\/li>\n<li data-start=\"166\" data-end=\"208\">\n<h3 data-start=\"168\" data-end=\"208\">p\u0159ipravujeme z\u00e1jmov\u00e9 \u010dinnosti pro d\u011bti<\/h3>\n<\/li>\n<li data-start=\"209\" data-end=\"345\">\n<h3 data-start=\"211\" data-end=\"345\">pod\u00edl\u00edme se na spole\u010densk\u00e9m, sportovn\u00edm i kulturn\u00edm \u017eivot\u011b v m\u011bstysi (nap\u0159. Draki\u00e1da, Martinsk\u00e1 sv\u011bt\u00fdlka, Den d\u011bt\u00ed, V\u00edt\u00e1n\u00ed jara aj.)<\/h3>\n<\/li>\n<li data-start=\"346\" data-end=\"388\">\n<h3 data-start=\"348\" data-end=\"388\">po\u0159\u00e1d\u00e1me jednodenn\u00ed i v\u00edcedenn\u00ed v\u00fdlety<\/h3>\n<\/li>\n<li data-start=\"389\" data-end=\"444\">\n<h3 data-start=\"391\" data-end=\"444\">vyr\u00e1\u017e\u00edme na tematicky zam\u011b\u0159en\u00e9 proch\u00e1zky do p\u0159\u00edrody<\/h3>\n<\/li>\n<li data-start=\"445\" data-end=\"532\">\n<h3 data-start=\"447\" data-end=\"532\">organizujeme tvo\u0159iv\u00e9 d\u00edlny, besedy, p\u0159edn\u00e1\u0161ky a workshopy pro dosp\u00edvaj\u00edc\u00ed i dosp\u011bl\u00e9<\/h3>\n<\/li>\n<\/ul>\n<h3 data-start=\"534\" data-end=\"644\">\u010cinnost Jine\u010d\u00e1\u010dku je mo\u017en\u00e1 jen d\u00edky finan\u010dn\u00ed podpo\u0159e m\u011bstyse Jince, St\u0159edo\u010desk\u00e9ho kraje a sponzorsk\u00fdm dar\u016fm.<\/h3>\n<h3>V\u011b\u0159\u00edme, \u017ee v Jine\u010d\u00e1\u010dku najdete p\u0159\u00edjemn\u00e9 m\u00edsto pro spole\u010dn\u00e1 setk\u00e1v\u00e1n\u00ed \u2013 a \u017ee se s n\u00e1mi rozhodn\u011b nudit nebudete.<br \/>\n<br data-start=\"759\" data-end=\"762\">P\u0159ij\u010fte se k n\u00e1m pod\u00edvat!<\/h3>\n","protected":false},"excerpt":{"rendered":"<p>Co d\u011bl\u00e1me? provozujeme d\u011btskou hernu Jine\u010d\u00e1\u010dku p\u0159ipravujeme z\u00e1jmov\u00e9 \u010dinnosti pro d\u011bti pod\u00edl\u00edme se na spole\u010densk\u00e9m, sportovn\u00edm i kulturn\u00edm \u017eivot\u011b v m\u011bstysi (nap\u0159. Draki\u00e1da, Martinsk\u00e1 sv\u011bt\u00fdlka, Den d\u011bt\u00ed, V\u00edt\u00e1n\u00ed jara aj.) po\u0159\u00e1d\u00e1me jednodenn\u00ed i v\u00edcedenn\u00ed v\u00fdlety vyr\u00e1\u017e\u00edme na tematicky zam\u011b\u0159en\u00e9 proch\u00e1zky do p\u0159\u00edrody organizujeme tvo\u0159iv\u00e9 d\u00edlny, besedy, p\u0159edn\u00e1\u0161ky a workshopy pro dosp\u00edvaj\u00edc\u00ed i dosp\u011bl\u00e9 \u010cinnost Jine\u010d\u00e1\u010dku &hellip; <\/p>\n<p class=\"link-more\"><a href=\"https:\/\/www.jinecacek.cz\/?page_id=14\" class=\"more-link\">Pokra\u010dovat ve \u010dten\u00ed<span class=\"screen-reader-text\"> &#8222;O Jine\u010d\u00e1\u010dku&#8220;<\/span><\/a><\/p>\n","protected":false},"author":1,"featured_media":0,"parent":0,"menu_order":10,"comment_status":"closed","ping_status":"open","template":"","meta":{"ngg_post_thumbnail":0,"footnotes":""},"class_list":["post-14","page","type-page","status-publish","hentry"],"_links":{"self":[{"href":"https:\/\/www.jinecacek.cz\/index.php?rest_route=\/wp\/v2\/pages\/14","targetHints":{"allow":["GET"]}}],"collection":[{"href":"https:\/\/www.jinecacek.cz\/index.php?rest_route=\/wp\/v2\/pages"}],"about":[{"href":"https:\/\/www.jinecacek.cz\/index.php?rest_route=\/wp\/v2\/types\/page"}],"author":[{"embeddable":true,"href":"https:\/\/www.jinecacek.cz\/index.php?rest_route=\/wp\/v2\/users\/1"}],"replies":[{"embeddable":true,"href":"https:\/\/www.jinecacek.cz\/index.php?rest_route=%2Fwp%2Fv2%2Fcomments&post=14"}],"version-history":[{"count":7,"href":"https:\/\/www.jinecacek.cz\/index.php?rest_route=\/wp\/v2\/pages\/14\/revisions"}],"predecessor-version":[{"id":421,"href":"https:\/\/www.jinecacek.cz\/index.php?rest_route=\/wp\/v2\/pages\/14\/revisions\/421"}],"wp:attachment":[{"href":"https:\/\/www.jinecacek.cz\/index.php?rest_route=%2Fwp%2Fv2%2Fmedia&parent=14"}],"curies":[{"name":"wp","href":"https:\/\/api.w.org\/{rel}","templated":true}]}}